{"id":113,"date":"2017-08-03T09:46:18","date_gmt":"2017-08-03T08:46:18","guid":{"rendered":"http:\/\/louloutteandsonquotidien.fr\/?page_id=113"},"modified":"2022-04-26T13:44:22","modified_gmt":"2022-04-26T12:44:22","slug":"qui-suis-je","status":"publish","type":"page","link":"https:\/\/louloutteandsonquotidien.fr\/index.php\/qui-suis-je\/","title":{"rendered":"Qui suis-je ?"},"content":{"rendered":"<h2>Qui suis je ?<\/h2>\n<p><strong>Louloutte c&rsquo;est moi <\/strong>dans la vraie vie c&rsquo;est Nadia &#x1f609;. Originaire de Nantes. Je suis mari\u00e9e \u00e0 M. N depuis le 24 juillet 2010, heureuse maman de deux\u00a0 Amours (une fille alias notre princesse et un gar\u00e7on alias baby boy ) et nous avons aussi un adorable chien Hubble.\u00a0<\/p>\n<p>Dans la vie je suis infirmi\u00e8re pu\u00e9ricultrice et entrepreneuse.<\/p>\n<p>Je partage sur mon blog mes coups de c\u0153ur , mes voyages, un peu de moi ,de nous et un peu de Bla Bla juste pour le plaisir. Je suis une fille simple , qui aime la vie , sa famille ,les gens. Je suis enti\u00e8re et passionn\u00e9e. Je suis ce genre de fille qui pleure pour tout et pour rien .J&rsquo;aime les plaisirs simples \u00e0 la Am\u00e9lie Poulain. J&rsquo;aime voyager, lire , chanter , partager mes bons plans avec ma famille , mes amis alors ce blog il fallait que je lui fasse un petite place dans ma vie, et le Voila&#8230;<\/p>\n<p>Ce blog est pour moi un lieu d&rsquo;\u00e9vasion, j&rsquo;esp\u00e8re que cela vous plaira.<\/p>\n<p>Bon moment en ma compagnie &#x1f618; &#x2728;<\/p>\n\n\n<figure class=\"wp-block-image size-large is-resized is-style-default\"><img loading=\"lazy\" src=\"http:\/\/louloutteandsonquotidien.fr\/wp-content\/uploads\/2022\/03\/LouloutteandsonquotidienMoi-768x1024.jpg\" alt=\"\" class=\"wp-image-1482\" width=\"357\" height=\"475\" srcset=\"https:\/\/louloutteandsonquotidien.fr\/wp-content\/uploads\/2022\/03\/LouloutteandsonquotidienMoi-768x1024.jpg 768w, https:\/\/louloutteandsonquotidien.fr\/wp-content\/uploads\/2022\/03\/LouloutteandsonquotidienMoi-225x300.jpg 225w, https:\/\/louloutteandsonquotidien.fr\/wp-content\/uploads\/2022\/03\/LouloutteandsonquotidienMoi-1152x1536.jpg 1152w, https:\/\/louloutteandsonquotidien.fr\/wp-content\/uploads\/2022\/03\/LouloutteandsonquotidienMoi-1536x2048.jpg 1536w, https:\/\/louloutteandsonquotidien.fr\/wp-content\/uploads\/2022\/03\/LouloutteandsonquotidienMoi-982x1309.jpg 982w, https:\/\/louloutteandsonquotidien.fr\/wp-content\/uploads\/2022\/03\/LouloutteandsonquotidienMoi-300x400.jpg 300w, https:\/\/louloutteandsonquotidien.fr\/wp-content\/uploads\/2022\/03\/LouloutteandsonquotidienMoi-scaled.jpg 1920w\" sizes=\"(max-width: 357px) 100vw, 357px\" \/><\/figure>\n","protected":false},"excerpt":{"rendered":"<p>Qui suis je ? Louloutte c&rsquo;est moi dans la vraie vie c&rsquo;est Nadia &#x1f609;. Originaire de Nantes. Je suis mari\u00e9e \u00e0 M. N depuis le 24 juillet 2010, heureuse maman de deux\u00a0 Amours (une fille alias notre princesse et un gar\u00e7on alias baby boy ) et nous avons aussi un adorable chien Hubble.\u00a0 Dans la &hellip; <\/p>\n<p class=\"link-more\"><a href=\"https:\/\/louloutteandsonquotidien.fr\/index.php\/qui-suis-je\/\" class=\"more-link\">Continuer la lecture<span class=\"screen-reader-text\"> de &laquo;&nbsp;Qui suis-je ?&nbsp;&raquo;<\/span><\/a><\/p>\n","protected":false},"author":1,"featured_media":0,"parent":0,"menu_order":0,"comment_status":"closed","ping_status":"closed","template":"","meta":{"_mi_skip_tracking":false},"yoast_head":"<!-- This site is optimized with the Yoast SEO plugin v19.10 - https:\/\/yoast.com\/wordpress\/plugins\/seo\/ -->\n<title>Qui suis-je? des petites infos \u00e0 propos de moi. Louloutte and son quotidien<\/title>\n<meta name=\"description\" content=\"qui suis-je ? des infos sur moi . louloutte and son quotidien. Blog de maman mais pas que , des marques coup de c\u0153ur, voyages\" \/>\n<meta name=\"robots\" content=\"index, follow, max-snippet:-1, max-image-preview:large, max-video-preview:-1\" \/>\n<link rel=\"canonical\" href=\"https:\/\/louloutteandsonquotidien.fr\/index.php\/qui-suis-je\/\" \/>\n<meta property=\"og:locale\" content=\"fr_FR\" \/>\n<meta property=\"og:type\" content=\"article\" \/>\n<meta property=\"og:title\" content=\"Qui suis-je? des petites infos \u00e0 propos de moi. Louloutte and son quotidien\" \/>\n<meta property=\"og:description\" content=\"qui suis-je ? des infos sur moi . louloutte and son quotidien. Blog de maman mais pas que , des marques coup de c\u0153ur, voyages\" \/>\n<meta property=\"og:url\" content=\"https:\/\/louloutteandsonquotidien.fr\/index.php\/qui-suis-je\/\" \/>\n<meta property=\"og:site_name\" content=\"Louloutte &amp; son Quotidien\" \/>\n<meta property=\"article:modified_time\" content=\"2022-04-26T12:44:22+00:00\" \/>\n<meta property=\"og:image\" content=\"http:\/\/louloutteandsonquotidien.fr\/wp-content\/uploads\/2022\/03\/LouloutteandsonquotidienMoi-768x1024.jpg\" \/>\n<meta name=\"twitter:card\" content=\"summary_large_image\" \/>\n<meta name=\"twitter:label1\" content=\"Dur\u00e9e de lecture estim\u00e9e\" \/>\n\t<meta name=\"twitter:data1\" content=\"1 minute\" \/>\n<script type=\"application\/ld+json\" class=\"yoast-schema-graph\">{\"@context\":\"https:\/\/schema.org\",\"@graph\":[{\"@type\":\"WebPage\",\"@id\":\"https:\/\/louloutteandsonquotidien.fr\/index.php\/qui-suis-je\/\",\"url\":\"https:\/\/louloutteandsonquotidien.fr\/index.php\/qui-suis-je\/\",\"name\":\"Qui suis-je? des petites infos \u00e0 propos de moi. Louloutte and son quotidien\",\"isPartOf\":{\"@id\":\"https:\/\/louloutteandsonquotidien.fr\/#website\"},\"datePublished\":\"2017-08-03T08:46:18+00:00\",\"dateModified\":\"2022-04-26T12:44:22+00:00\",\"description\":\"qui suis-je ? des infos sur moi . louloutte and son quotidien. Blog de maman mais pas que , des marques coup de c\u0153ur, voyages\",\"breadcrumb\":{\"@id\":\"https:\/\/louloutteandsonquotidien.fr\/index.php\/qui-suis-je\/#breadcrumb\"},\"inLanguage\":\"fr-FR\",\"potentialAction\":[{\"@type\":\"ReadAction\",\"target\":[\"https:\/\/louloutteandsonquotidien.fr\/index.php\/qui-suis-je\/\"]}]},{\"@type\":\"BreadcrumbList\",\"@id\":\"https:\/\/louloutteandsonquotidien.fr\/index.php\/qui-suis-je\/#breadcrumb\",\"itemListElement\":[{\"@type\":\"ListItem\",\"position\":1,\"name\":\"Accueil\",\"item\":\"https:\/\/louloutteandsonquotidien.fr\/\"},{\"@type\":\"ListItem\",\"position\":2,\"name\":\"Qui suis-je ?\"}]},{\"@type\":\"WebSite\",\"@id\":\"https:\/\/louloutteandsonquotidien.fr\/#website\",\"url\":\"https:\/\/louloutteandsonquotidien.fr\/\",\"name\":\"Louloutte &amp; son Quotidien\",\"description\":\"Blog Tendance , Blog du quotidien , Enfant, Cuisine , Produits, Photos, Voyages\",\"potentialAction\":[{\"@type\":\"SearchAction\",\"target\":{\"@type\":\"EntryPoint\",\"urlTemplate\":\"https:\/\/louloutteandsonquotidien.fr\/?s={search_term_string}\"},\"query-input\":\"required name=search_term_string\"}],\"inLanguage\":\"fr-FR\"}]}<\/script>\n<!-- \/ Yoast SEO plugin. -->","yoast_head_json":{"title":"Qui suis-je? des petites infos \u00e0 propos de moi. Louloutte and son quotidien","description":"qui suis-je ? des infos sur moi . louloutte and son quotidien. Blog de maman mais pas que , des marques coup de c\u0153ur, voyages","robots":{"index":"index","follow":"follow","max-snippet":"max-snippet:-1","max-image-preview":"max-image-preview:large","max-video-preview":"max-video-preview:-1"},"canonical":"https:\/\/louloutteandsonquotidien.fr\/index.php\/qui-suis-je\/","og_locale":"fr_FR","og_type":"article","og_title":"Qui suis-je? des petites infos \u00e0 propos de moi. Louloutte and son quotidien","og_description":"qui suis-je ? des infos sur moi . louloutte and son quotidien. Blog de maman mais pas que , des marques coup de c\u0153ur, voyages","og_url":"https:\/\/louloutteandsonquotidien.fr\/index.php\/qui-suis-je\/","og_site_name":"Louloutte &amp; son Quotidien","article_modified_time":"2022-04-26T12:44:22+00:00","og_image":[{"url":"http:\/\/louloutteandsonquotidien.fr\/wp-content\/uploads\/2022\/03\/LouloutteandsonquotidienMoi-768x1024.jpg"}],"twitter_card":"summary_large_image","twitter_misc":{"Dur\u00e9e de lecture estim\u00e9e":"1 minute"},"schema":{"@context":"https:\/\/schema.org","@graph":[{"@type":"WebPage","@id":"https:\/\/louloutteandsonquotidien.fr\/index.php\/qui-suis-je\/","url":"https:\/\/louloutteandsonquotidien.fr\/index.php\/qui-suis-je\/","name":"Qui suis-je? des petites infos \u00e0 propos de moi. Louloutte and son quotidien","isPartOf":{"@id":"https:\/\/louloutteandsonquotidien.fr\/#website"},"datePublished":"2017-08-03T08:46:18+00:00","dateModified":"2022-04-26T12:44:22+00:00","description":"qui suis-je ? des infos sur moi . louloutte and son quotidien. Blog de maman mais pas que , des marques coup de c\u0153ur, voyages","breadcrumb":{"@id":"https:\/\/louloutteandsonquotidien.fr\/index.php\/qui-suis-je\/#breadcrumb"},"inLanguage":"fr-FR","potentialAction":[{"@type":"ReadAction","target":["https:\/\/louloutteandsonquotidien.fr\/index.php\/qui-suis-je\/"]}]},{"@type":"BreadcrumbList","@id":"https:\/\/louloutteandsonquotidien.fr\/index.php\/qui-suis-je\/#breadcrumb","itemListElement":[{"@type":"ListItem","position":1,"name":"Accueil","item":"https:\/\/louloutteandsonquotidien.fr\/"},{"@type":"ListItem","position":2,"name":"Qui suis-je ?"}]},{"@type":"WebSite","@id":"https:\/\/louloutteandsonquotidien.fr\/#website","url":"https:\/\/louloutteandsonquotidien.fr\/","name":"Louloutte &amp; son Quotidien","description":"Blog Tendance , Blog du quotidien , Enfant, Cuisine , Produits, Photos, Voyages","potentialAction":[{"@type":"SearchAction","target":{"@type":"EntryPoint","urlTemplate":"https:\/\/louloutteandsonquotidien.fr\/?s={search_term_string}"},"query-input":"required name=search_term_string"}],"inLanguage":"fr-FR"}]}},"_links":{"self":[{"href":"https:\/\/louloutteandsonquotidien.fr\/index.php\/wp-json\/wp\/v2\/pages\/113"}],"collection":[{"href":"https:\/\/louloutteandsonquotidien.fr\/index.php\/wp-json\/wp\/v2\/pages"}],"about":[{"href":"https:\/\/louloutteandsonquotidien.fr\/index.php\/wp-json\/wp\/v2\/types\/page"}],"author":[{"embeddable":true,"href":"https:\/\/louloutteandsonquotidien.fr\/index.php\/wp-json\/wp\/v2\/users\/1"}],"replies":[{"embeddable":true,"href":"https:\/\/louloutteandsonquotidien.fr\/index.php\/wp-json\/wp\/v2\/comments?post=113"}],"version-history":[{"count":7,"href":"https:\/\/louloutteandsonquotidien.fr\/index.php\/wp-json\/wp\/v2\/pages\/113\/revisions"}],"predecessor-version":[{"id":1518,"href":"https:\/\/louloutteandsonquotidien.fr\/index.php\/wp-json\/wp\/v2\/pages\/113\/revisions\/1518"}],"wp:attachment":[{"href":"https:\/\/louloutteandsonquotidien.fr\/index.php\/wp-json\/wp\/v2\/media?parent=113"}],"curies":[{"name":"wp","href":"https:\/\/api.w.org\/{rel}","templated":true}]}}